{"id":5361,"date":"2024-03-01T14:41:45","date_gmt":"2024-03-01T13:41:45","guid":{"rendered":"https:\/\/cafehawelka.server6.dev-web.at\/events\/"},"modified":"2025-04-11T13:20:41","modified_gmt":"2025-04-11T11:20:41","slug":"events","status":"publish","type":"page","link":"https:\/\/cafehawelka.server6.dev-web.at\/en\/events\/","title":{"rendered":"Events"},"content":{"rendered":"\n\n\t<section class=\"section section-bottom-space\" id=\"section_1769316203\">\n\t\t<div class=\"section-bg fill\" >\n\t\t\t\t\t\t\t\t\t\n\t\t\t\n\n\t\t<\/div>\n\n\t\t\n\n\t\t<div class=\"section-content relative\">\n\t\t\t\n\n<div class=\"row row-collapse row-full-width\"  id=\"row-783188233\">\n\n\n\t<div id=\"col-754236437\" class=\"col small-12 large-12\"  >\n\t\t\t\t<div class=\"col-inner dark\"  >\n\t\t\t\n\t\t\t\n\n\n  <div class=\"banner has-hover\" id=\"banner-684656511\">\n          <div class=\"banner-inner fill\">\n        <div class=\"banner-bg fill\" >\n            <img loading=\"lazy\" decoding=\"async\" width=\"1920\" height=\"1080\" src=\"https:\/\/cafehawelka.server6.dev-web.at\/wp-content\/uploads\/2024\/02\/Headerbild-Website.jpg\" class=\"bg attachment-original size-original\" alt=\"\" \/>                                    \n                    <\/div>\n\t\t\n        <div class=\"banner-layers container\">\n            <div class=\"fill banner-link\"><\/div>            \n\n   <div id=\"text-box-244567592\" class=\"text-box banner-layer x50 md-x50 lg-x50 y90 md-y90 lg-y90 res-text\">\n                     <div data-animate=\"fadeInUp\">           <div class=\"text-box-content text \">\n              \n              <div class=\"text-inner text-center\">\n                  \n\n<h1>HAWELKA <br \/> Kaffee-Verkostungen &amp; Events<\/h1>\n\n              <\/div>\n           <\/div>\n       <\/div>                     \n<style>\n#text-box-244567592 {\n  width: 80%;\n}\n#text-box-244567592 .text-box-content {\n  font-size: 100%;\n}\n@media (min-width:550px) {\n  #text-box-244567592 {\n    width: 55%;\n  }\n}\n<\/style>\n    <\/div>\n \n\n        <\/div>\n      <\/div>\n\n            \n<style>\n#banner-684656511 {\n  padding-top: 55vh;\n  background-color: rgb(255,255,255);\n}\n@media (min-width:550px) {\n  #banner-684656511 {\n    padding-top: 75vh;\n  }\n}\n<\/style>\n  <\/div>\n\n\n\n\t\t<\/div>\n\t\t\t\t\t<\/div>\n\n\t\n\n<\/div>\n\n\t\t<\/div>\n\n\t\t\n<style>\n#section_1769316203 {\n  padding-top: 0px;\n  padding-bottom: 0px;\n  min-height: 55vh;\n}\n@media (min-width:550px) {\n  #section_1769316203 {\n    min-height: 75vh;\n  }\n}\n<\/style>\n\t<\/section>\n\t\n\n\t<section class=\"section section-bottom-space\" id=\"section_259862843\">\n\t\t<div class=\"section-bg fill\" >\n\t\t\t\t\t\t\t\t\t\n\t\t\t\n\n\t\t<\/div>\n\n\t\t\n\n\t\t<div class=\"section-content relative\">\n\t\t\t\n\n<div class=\"row\"  id=\"row-51263725\">\n\n\n\t<div id=\"col-473425685\" class=\"col medium-6 small-12 large-6\"  >\n\t\t\t\t<div class=\"col-inner text-center box-shadow-3\" style=\"background-color:rgb(255,255,255);\" >\n\t\t\t\n\t\t\t\n\n\t<div class=\"img has-hover x md-x lg-x y md-y lg-y\" id=\"image_707996501\">\n\t\t\t\t\t\t\t\t<div class=\"img-inner image-cover dark\" style=\"padding-top:56.25%;\">\n\t\t\t<img loading=\"lazy\" decoding=\"async\" width=\"1920\" height=\"1275\" src=\"https:\/\/cafehawelka.server6.dev-web.at\/wp-content\/uploads\/2024\/02\/Shops.jpg\" class=\"attachment-original size-original\" alt=\"\" srcset=\"https:\/\/cafehawelka.server6.dev-web.at\/wp-content\/uploads\/2024\/02\/Shops.jpg 1920w, https:\/\/cafehawelka.server6.dev-web.at\/wp-content\/uploads\/2024\/02\/Shops-602x400.jpg 602w, https:\/\/cafehawelka.server6.dev-web.at\/wp-content\/uploads\/2024\/02\/Shops-1205x800.jpg 1205w, https:\/\/cafehawelka.server6.dev-web.at\/wp-content\/uploads\/2024\/02\/Shops-768x510.jpg 768w, https:\/\/cafehawelka.server6.dev-web.at\/wp-content\/uploads\/2024\/02\/Shops-1536x1020.jpg 1536w, https:\/\/cafehawelka.server6.dev-web.at\/wp-content\/uploads\/2024\/02\/Shops-510x339.jpg 510w\" sizes=\"auto, (max-width: 1920px) 100vw, 1920px\" \/>\t\t\t\t\t\t\n\t\t\t\t\t<\/div>\n\t\t\t\t\t\t\t\t\n<style>\n#image_707996501 {\n  width: 100%;\n}\n<\/style>\n\t<\/div>\n\t\n\n<div class=\"row row-collapse\"  id=\"row-165728251\">\n\n\n\t<div id=\"col-933226563\" class=\"col small-12 large-12\"  >\n\t\t\t\t<div class=\"col-inner\"  >\n\t\t\t\n\t\t\t\n\n<h2>Firmen-Event Buchen<\/h2>\n<p>Erleben Sie das n\u00e4chste Firmen-Event in unvergleichlicher Atmosph\u00e4re, das Ihre Mitarbeiter beeindrucken wird.<\/p>\n<a href=\"#firmenevent\" class=\"button primary\"  >\n\t\t<span>mehr Infos<\/span>\n\t<\/a>\n\n\n\n\t\t<\/div>\n\t\t\t\t\n<style>\n#col-933226563 > .col-inner {\n  padding: 10px 30px 15px 30px;\n}\n<\/style>\n\t<\/div>\n\n\t\n\n<\/div>\n\n\t\t<\/div>\n\t\t\t\t\t<\/div>\n\n\t\n\n\t<div id=\"col-2078262395\" class=\"col medium-6 small-12 large-6\"  >\n\t\t\t\t<div class=\"col-inner text-center box-shadow-3\" style=\"background-color:rgb(255,255,255);\" >\n\t\t\t\n\t\t\t\n\n\t<div class=\"img has-hover x md-x lg-x y md-y lg-y\" id=\"image_140550700\">\n\t\t\t\t\t\t\t\t<div class=\"img-inner image-cover dark\" style=\"padding-top:56.25%;\">\n\t\t\t<img loading=\"lazy\" decoding=\"async\" width=\"1800\" height=\"1200\" src=\"https:\/\/cafehawelka.server6.dev-web.at\/wp-content\/uploads\/2025\/03\/Hawelka_sosocial-6.jpg\" class=\"attachment-original size-original\" alt=\"\" srcset=\"https:\/\/cafehawelka.server6.dev-web.at\/wp-content\/uploads\/2025\/03\/Hawelka_sosocial-6.jpg 1800w, https:\/\/cafehawelka.server6.dev-web.at\/wp-content\/uploads\/2025\/03\/Hawelka_sosocial-6-600x400.jpg 600w, https:\/\/cafehawelka.server6.dev-web.at\/wp-content\/uploads\/2025\/03\/Hawelka_sosocial-6-1200x800.jpg 1200w, https:\/\/cafehawelka.server6.dev-web.at\/wp-content\/uploads\/2025\/03\/Hawelka_sosocial-6-768x512.jpg 768w, https:\/\/cafehawelka.server6.dev-web.at\/wp-content\/uploads\/2025\/03\/Hawelka_sosocial-6-1536x1024.jpg 1536w, https:\/\/cafehawelka.server6.dev-web.at\/wp-content\/uploads\/2025\/03\/Hawelka_sosocial-6-510x340.jpg 510w\" sizes=\"auto, (max-width: 1800px) 100vw, 1800px\" \/>\t\t\t\t\t\t\n\t\t\t\t\t<\/div>\n\t\t\t\t\t\t\t\t\n<style>\n#image_140550700 {\n  width: 100%;\n}\n<\/style>\n\t<\/div>\n\t\n\n<div class=\"row row-collapse\"  id=\"row-70257243\">\n\n\n\t<div id=\"col-1776661817\" class=\"col small-12 large-12\"  >\n\t\t\t\t<div class=\"col-inner\"  >\n\t\t\t\n\t\t\t\n\n<h2>Kaffee-Verkostung buchen<\/h2>\n<p>Erfahren Sie alles \u00fcber unseren hauseigenen Kaffee und kosten Sie sich durch unsere Hawelka Kaffee-Spezialit\u00e4ten.<\/p>\n<a href=\"#buchen\" class=\"button primary\"  >\n\t\t<span>alle Details<\/span>\n\t<\/a>\n\n\n\n\t\t<\/div>\n\t\t\t\t\n<style>\n#col-1776661817 > .col-inner {\n  padding: 10px 30px 15px 30px;\n}\n<\/style>\n\t<\/div>\n\n\t\n\n<\/div>\n\n\t\t<\/div>\n\t\t\t\t\t<\/div>\n\n\t\n\n<\/div>\n\n\t\t<\/div>\n\n\t\t\n<style>\n#section_259862843 {\n  padding-top: 0px;\n  padding-bottom: 0px;\n}\n<\/style>\n\t<\/section>\n\t\n\n\t<section class=\"section section-bottom-space\" id=\"section_1181684804\">\n\t\t<div class=\"section-bg fill\" >\n\t\t\t\t\t\t\t\t\t\n\t\t\t\n\n\t\t<\/div>\n\n\t\t\n\n\t\t<div class=\"section-content relative\">\n\t\t\t\n\n<div class=\"row row-collapse align-center\"  id=\"row-1119637278\">\n\n\n\t<div id=\"col-2038467967\" class=\"col medium-8 small-12 large-8\"  data-animate=\"blurIn\">\n\t\t\t\t<div class=\"col-inner text-center\"  >\n\t\t\t\n\t\t\t\n\n<h3>Wiener Kaffeekultur erleben: <br \/>Genussvolle Verkostung &amp; exklusive Events<\/h3>\n<p>Erleben Sie die Welt eines der ber\u00fchmtesten Kaffeeh\u00e4user Wiens \u2013 dem traditionsreichen Caf\u00e9 Hawelka. Bei einer exklusiven Kaffee-Verkostung entdecken Sie die Geheimnisse des perfekten Kaffees: von der Auswahl der besten Rohbohnen \u00fcber die ideale R\u00f6stung bis hin zur optimalen Siedetemperatur.<\/p>\n<p>Genie\u00dfen Sie eine private Kaffee-Verkostung in unserem Kaffee R\u00f6sterei Hawelka Shop in der Dorotheergasse 7. Ideal geeignet f\u00fcr Besucher der Stadt und alle, die mehr \u00fcber Kaffee wissen wollen. F\u00fcr Unternehmen bieten wir die Flexibilit\u00e4t von ganzt\u00e4gigen oder halbt\u00e4gigen Veranstaltungen, die speziell auf Ihre Bed\u00fcrfnisse zugeschnitten sind. Sie haben auch die M\u00f6glichkeit, unser Lokal exklusiv f\u00fcr Ihre Veranstaltung zu mieten.<\/p>\n\n\t\t<\/div>\n\t\t\t\t\n<style>\n#col-2038467967 > .col-inner {\n  padding: 0px 20px 0px 20px;\n}\n<\/style>\n\t<\/div>\n\n\t\n\n<\/div>\n\n\t\t<\/div>\n\n\t\t\n<style>\n#section_1181684804 {\n  padding-top: 0px;\n  padding-bottom: 0px;\n}\n<\/style>\n\t<\/section>\n\t\n<span class=\"scroll-to\" data-label=\"Scroll to: #firmenevent\" data-bullet=\"false\" data-link=\"#firmenevent\" data-title=\"Firmenevent\" ><a name=\"firmenevent\"><\/a><\/span>\n\n\n\t<section class=\"section section-bottom-space .overlapping-img-left\" id=\"section_1862487827\">\n\t\t<div class=\"section-bg fill\" >\n\t\t\t\t\t\t\t\t\t\n\t\t\t\n\n\t\t<\/div>\n\n\t\t\n\n\t\t<div class=\"section-content relative\">\n\t\t\t\n\n<div class=\"row row-collapse row-full-width\"  id=\"row-1910145382\">\n\n\n\t<div id=\"col-1103922675\" class=\"col medium-12 small-12 large-8\"  data-animate=\"fadeInLeft\">\n\t\t\t\t<div class=\"col-inner\"  >\n\t\t\t\n\t\t\t\n\n\n  <div class=\"banner has-hover\" id=\"banner-1736886706\">\n          <div class=\"banner-inner fill\">\n        <div class=\"banner-bg fill\" >\n            <img loading=\"lazy\" decoding=\"async\" width=\"1920\" height=\"1275\" src=\"https:\/\/cafehawelka.server6.dev-web.at\/wp-content\/uploads\/2024\/02\/Shops.jpg\" class=\"bg attachment-original size-original\" alt=\"\" \/>                                    \n                    <\/div>\n\t\t\n        <div class=\"banner-layers container\">\n            <div class=\"fill banner-link\"><\/div>            \n\n\n        <\/div>\n      <\/div>\n\n            \n<style>\n#banner-1736886706 {\n  padding-top: 300px;\n  background-color: rgba(255, 255, 255, 0);\n}\n@media (min-width:550px) {\n  #banner-1736886706 {\n    padding-top: 56.25%;\n  }\n}\n<\/style>\n  <\/div>\n\n\n\n\t\t<\/div>\n\t\t\t\t\t<\/div>\n\n\t\n\n<\/div>\n<div class=\"row align-right\"  id=\"row-1826562396\">\n\n\n\t<div id=\"col-326045263\" class=\"col medium-8 small-12 large-6\"  data-animate=\"fadeInRight\">\n\t\t\t\t<div class=\"col-inner box-shadow-3\"  >\n\t\t\t\n\t\t\t\n\n<div class=\"row row-collapse\"  id=\"row-1821625380\">\n\n\n\t<div id=\"col-1040702358\" class=\"col medium-12 small-12 large-12\"  >\n\t\t\t\t<div class=\"col-inner\" style=\"background-color:rgb(255, 255, 255);\" >\n\t\t\t\n\t\t\t\n\n<h3>Firmen-Event buchen<\/h3>\n<p>Feiern Sie Ihre Firmenveranstaltung oder Ihr Kundenevent im exklusiven und geschlossenen Rahmen in unserem Hawelka Shop in der Dorotheergasse 7! Bei uns genie\u00dfen Sie absolute Flexibilit\u00e4t, indem Sie das Lokal ganzt\u00e4gig oder halbt\u00e4gig mieten k\u00f6nnen. Unser Angebot umfasst nicht nur erstklassigen Kaffee, sondern auch typische Mehlspeisen aus unserem Kaffeehaus \u2013 eine ideale Kombination f\u00fcr ein unvergessliches Erlebnis. Das Lokal bietet Platz f\u00fcr bis zu 15 Personen \u2013 ideal f\u00fcr Firmenfeiern- und Events in kleiner Runde.<\/p>\n<a href=\"mailto:office@hawelka.at\" class=\"button secondary is-outline\"  style=\"border-radius:5px;\">\n\t\t<span>jetzt anfragen<\/span>\n\t<\/a>\n\n\n\n\t\t<\/div>\n\t\t\t\t\n<style>\n#col-1040702358 > .col-inner {\n  padding: 15px 20px 10px 20px;\n}\n@media (min-width:550px) {\n  #col-1040702358 > .col-inner {\n    padding: 30px 30px 20px 30px;\n  }\n}\n@media (min-width:850px) {\n  #col-1040702358 > .col-inner {\n    padding: 40px 40px 30px 40px;\n  }\n}\n<\/style>\n\t<\/div>\n\n\t\n\n<\/div>\n\n\t\t<\/div>\n\t\t\t\t\n<style>\n#col-326045263 > .col-inner {\n  margin: -50px 0px 0px 0px;\n}\n@media (min-width:550px) {\n  #col-326045263 > .col-inner {\n    margin: -100px 0px 0px 0px;\n  }\n}\n@media (min-width:850px) {\n  #col-326045263 > .col-inner {\n    margin: -350px 0px 0px 0px;\n  }\n}\n<\/style>\n\t<\/div>\n\n\t\n\n<\/div>\n\n\t\t<\/div>\n\n\t\t\n<style>\n#section_1862487827 {\n  padding-top: 30px;\n  padding-bottom: 30px;\n}\n@media (min-width:550px) {\n  #section_1862487827 {\n    padding-top: 0px;\n    padding-bottom: 0px;\n  }\n}\n<\/style>\n\t<\/section>\n\t\n\n\t<section class=\"section section-bottom-space\" id=\"section_1894865703\">\n\t\t<div class=\"section-bg fill\" >\n\t\t\t\t\t\t\t\t\t\n\t\t\t\n\n\t\t<\/div>\n\n\t\t\n\n\t\t<div class=\"section-content relative\">\n\t\t\t\n\n<div class=\"row align-center\"  id=\"row-1094755398\">\n\n\n\t<div id=\"col-525196454\" class=\"col medium-8 small-12 large-8\"  data-animate=\"blurIn\">\n\t\t\t\t<div class=\"col-inner text-center\"  >\n\t\t\t\n\t\t\t\n\n<h3>Ein b\u2019sonderer Einblick in die Wiener Kaffeekultur<\/h3>\n\n\t\t<\/div>\n\t\t\t\t\t<\/div>\n\n\t\n\n<\/div>\n<div class=\"row align-middle align-center\"  id=\"row-1983274638\">\n\n\n\t<div id=\"col-1566616163\" class=\"col medium-6 small-12 large-6\"  data-animate=\"fadeInLeft\">\n\t\t\t\t<div class=\"col-inner\"  >\n\t\t\t\n\t\t\t\n\n<p>Sind Sie mit den Feinheiten zwischen Wiener Melange, Einsp\u00e4nner und Verl\u00e4ngertem vertraut? Wahre Kenner der Wiener Kaffeehauskultur bestellen nie blo\u00df einen simplen \u201eKaffee\u201c, sondern pr\u00e4zisieren ihre Wahl der Zubereitungsart. Tauchen Sie in die Wiener Kaffeekultur ein!<\/p>\n<p>Bei einer exklusiven Kaffee-Verkostung erfahren Sie Wissenswertes \u00fcber Kaffee, erkennen unterschiedliche Geschmacks- und Duftnoten der Kaffeesorten, die perfekte Siedetemperatur und lernen die Unterschiede unserer eigenen R\u00f6stungen kennen. Unser Barista serviert Ihnen unterschiedlichste Wiener Kaffeespezialit\u00e4ten wie eine Wiener Melange, den gro\u00dfen Braunen oder einen Einsp\u00e4nner.<\/p>\n<p>Die Verkostung findet im kleinen Rahmen und auf Wunsch auch exklusiv statt. Maximal 8 Personen sind pro Verkostung m\u00f6glich.\u00a0<\/p>\n<p>Buchbar ist die Hawelka Kaffee-Verkostung von Dienstag bis Freitag, jeweils um 10 Uhr. Begleitet wird die Kaffee-Verkostung von k\u00f6stlichen Mehlspeisen aus dem Hause Hawelka.<\/p>\n\n\t\t<\/div>\n\t\t\t\t\t<\/div>\n\n\t\n\n\t<div id=\"col-1808507402\" class=\"col medium-6 small-12 large-6\"  data-animate=\"fadeInRight\">\n\t\t\t\t<div class=\"col-inner\"  >\n\t\t\t\n\t\t\t\n\n<h4 style=\"text-align: left\">Infos zur Kaffee-Verkostung:<\/h4>\n<ul>\n<li style=\"text-align: left\">Dauer: 60 Minuten \u2013 von Dienstag bis Freitag, 10:00-11:00 Uhr<\/li>\n<li style=\"text-align: left\">Buchbar f\u00fcr 2-8 Personen<\/li>\n<li style=\"text-align: left\">Ab 3 Personen als private Gruppe buchbar <br \/>(z.B. f\u00fcr Teambuilding-Events, Polter-Aktivit\u00e4t etc.)<\/li>\n<li style=\"text-align: left\">Rollstuhlgerecht<\/li>\n<li style=\"text-align: left\">Ort: Kaffee R\u00f6sterei Hawelka Shop, <br \/>Dorotheergasse 7, 1010 Wien<\/li>\n<li>Die Verkostung findet auf Deutsch statt, Englisch auf Anfrage<\/li>\n<li style=\"text-align: left\">Preis pro Person: <strong>29 Euro<\/strong><\/li>\n<\/ul>\n\n\t\t<\/div>\n\t\t\t\t\t<\/div>\n\n\t\n\n<\/div>\n\n\t\t<\/div>\n\n\t\t\n<style>\n#section_1894865703 {\n  padding-top: 0px;\n  padding-bottom: 0px;\n}\n<\/style>\n\t<\/section>\n\t\n\n\t<section class=\"section section-bottom-space .overlapping-img-right\" id=\"section_1983646959\">\n\t\t<div class=\"section-bg fill\" >\n\t\t\t\t\t\t\t\t\t\n\t\t\t\n\n\t\t<\/div>\n\n\t\t\n\n\t\t<div class=\"section-content relative\">\n\t\t\t\n\n<div class=\"row row-collapse row-full-width align-bottom\"  id=\"row-1543746371\">\n\n\n\t<div id=\"col-1761695242\" class=\"col medium-12 small-12 large-8\"  data-animate=\"fadeInRight\">\n\t\t\t\t<div class=\"col-inner\"  >\n\t\t\t\n\t\t\t\n\n\n  <div class=\"banner has-hover\" id=\"banner-1327976713\">\n          <div class=\"banner-inner fill\">\n        <div class=\"banner-bg fill\" >\n            <img loading=\"lazy\" decoding=\"async\" width=\"1200\" height=\"1800\" src=\"https:\/\/cafehawelka.server6.dev-web.at\/wp-content\/uploads\/2025\/03\/Hawelka_sosocial-24.jpg\" class=\"bg attachment-original size-original\" alt=\"\" \/>                                    \n                    <\/div>\n\t\t\n        <div class=\"banner-layers container\">\n            <div class=\"fill banner-link\"><\/div>            \n\n\n        <\/div>\n      <\/div>\n\n            \n<style>\n#banner-1327976713 {\n  padding-top: 300px;\n  background-color: rgba(255, 255, 255, 0);\n}\n#banner-1327976713 .banner-bg img {\n  object-position: 50% 62%;\n}\n@media (min-width:550px) {\n  #banner-1327976713 {\n    padding-top: 56.25%;\n  }\n}\n<\/style>\n  <\/div>\n\n\n\n\t\t<\/div>\n\t\t\t\t\t<\/div>\n\n\t\n\n<\/div>\n<div class=\"row\"  id=\"row-691836818\">\n\n\n\t<div id=\"col-890397281\" class=\"col overlapping-column-right medium-8 small-12 large-6\"  data-animate=\"fadeInLeft\">\n\t\t\t\t<div class=\"col-inner box-shadow-3\"  >\n\t\t\t\n\t\t\t\n\n<div class=\"row row-collapse\"  id=\"row-1744797422\">\n\n\n\t<div id=\"col-1816488092\" class=\"col medium-12 small-12 large-12\"  >\n\t\t\t\t<div class=\"col-inner\" style=\"background-color:rgb(255, 255, 255);\" >\n\t\t\t\n\t\t\t\n\n<h3>Kaffee-Verkostung<\/h3>\n<p>Dienstags bis freitags gibt es die M\u00f6glichkeit, an unserer Kaffee-Verkostung im Hawelka Shop \u2013 direkt gegen\u00fcber des Caf\u00e9 Hawelka \u2013 teilzunehmen. Pl\u00e4tze daf\u00fcr k\u00f6nnen ganz einfach online gebucht werden.<\/p>\n<p>Bei der Verkostung bekommen Sie Einblicke in die Wiener Kaffeekultur und lernen unter anderem den Unterschied zwischen einem Cappuccino und der typischen Wiener Melange kennen. Ab 3 Personen ist die Verkostung auch privat buchbar.<\/p>\n<a href=\"#buchen\" class=\"button secondary is-outline\"  style=\"border-radius:5px;\">\n\t\t<span>jetzt Buchen<\/span>\n\t<\/a>\n\n\n\n\t\t<\/div>\n\t\t\t\t\n<style>\n#col-1816488092 > .col-inner {\n  padding: 15px 20px 10px 20px;\n}\n@media (min-width:550px) {\n  #col-1816488092 > .col-inner {\n    padding: 30px 30px 20px 30px;\n  }\n}\n@media (min-width:850px) {\n  #col-1816488092 > .col-inner {\n    padding: 40px 40px 30px 40px;\n  }\n}\n<\/style>\n\t<\/div>\n\n\t\n\n<\/div>\n\n\t\t<\/div>\n\t\t\t\t\n<style>\n#col-890397281 > .col-inner {\n  margin: -50px 0px 0px 0px;\n}\n@media (min-width:550px) {\n  #col-890397281 > .col-inner {\n    margin: -100px 0px 0px 0px;\n  }\n}\n@media (min-width:850px) {\n  #col-890397281 > .col-inner {\n    margin: -350px 0px 0px 0px;\n  }\n}\n<\/style>\n\t<\/div>\n\n\t\n\n<\/div>\n\n\t\t<\/div>\n\n\t\t\n<style>\n#section_1983646959 {\n  padding-top: 30px;\n  padding-bottom: 30px;\n}\n@media (min-width:550px) {\n  #section_1983646959 {\n    padding-top: 0px;\n    padding-bottom: 0px;\n  }\n}\n<\/style>\n\t<\/section>\n\t\n\n\t<section class=\"section section-bottom-space\" id=\"section_930734395\">\n\t\t<div class=\"section-bg fill\" >\n\t\t\t\t\t\t\t\t\t\n\t\t\t\n\n\t\t<\/div>\n\n\t\t\n\n\t\t<div class=\"section-content relative\">\n\t\t\t\n\n<div class=\"row align-center product-slider-row\"  id=\"row-321437969\">\n\n\n\t<div id=\"col-1261738593\" class=\"col medium-8 small-12 large-8\"  >\n\t\t\t\t<div class=\"col-inner text-center\"  >\n\t\t\t\n\t\t\t\n\n<h3>Buchbare Termine<\/h3>\n<p>Die Hawelka Kaffee-Verkostung findet immer dienstags bis freitags um 10:00 Uhr im Kaffee R\u00f6sterei Hawelka Shop in der Dorotheergasse 7, 1010 Wien, statt. Pl\u00e4tze f\u00fcr die n\u00e4chsten verf\u00fcgbaren Termine k\u00f6nnen ganz einfach online gebucht werden<\/p>\n\n\t\t<\/div>\n\t\t\t\t\t<\/div>\n\n\t\n\n\t<div id=\"col-675961294\" class=\"col medium-12 small-12 large-9\"  >\n\t\t\t\t<div class=\"col-inner text-center\"  >\n\t\t\t\n\t\t\t\n\n<span class=\"scroll-to\" data-label=\"Scroll to: #buchen\" data-bullet=\"false\" data-link=\"#buchen\" data-title=\"Buchen\" ><a name=\"buchen\"><\/a><\/span>\n\n\t\n  \n    <div class=\"row large-columns-3 medium-columns-3 small-columns-1 row-normal row-full-width slider row-slider slider-nav-simple slider-nav-outside slider-nav-push\"  data-flickity-options='{&quot;imagesLoaded&quot;: true, &quot;groupCells&quot;: &quot;100%&quot;, &quot;dragThreshold&quot; : 5, &quot;cellAlign&quot;: &quot;left&quot;,&quot;wrapAround&quot;: true,&quot;prevNextButtons&quot;: true,&quot;percentPosition&quot;: true,&quot;pageDots&quot;: true, &quot;rightToLeft&quot;: false, &quot;autoPlay&quot; : false}' >\n\n  <\/div>\n\n\n\t\t<\/div>\n\t\t\t\t\t<\/div>\n\n\t\n\n<\/div>\n\n\t\t<\/div>\n\n\t\t\n<style>\n#section_930734395 {\n  padding-top: 0px;\n  padding-bottom: 0px;\n}\n<\/style>\n\t<\/section>\n\t\n\n\t<section class=\"section\" id=\"section_1281985722\">\n\t\t<div class=\"section-bg fill\" >\n\t\t\t\t\t\t\t\t\t\n\t\t\t\n\n\t\t<\/div>\n\n\t\t\n\n\t\t<div class=\"section-content relative\">\n\t\t\t\n\n\t<div id=\"gap-1312651753\" class=\"gap-element clearfix\" style=\"display:block; height:auto;\">\n\t\t\n<style>\n#gap-1312651753 {\n  padding-top: 80px;\n}\n<\/style>\n\t<\/div>\n\t\n\n<div class=\"row row-collapse align-center footer-gl\"  id=\"row-1048448434\">\n\n\n\t<div id=\"col-1398040150\" class=\"col footer-roesterei medium-4 small-12 large-4\"  >\n\t\t\t\t<div class=\"col-inner text-left\"  >\n\t\t\t\n\t\t\t\n\n<div class=\"is-divider divider clearfix\" style=\"max-width:100%;height:2px;background-color:rgb(116, 67, 26);\"><\/div>\n\n<h5>Caf\u00e9 Hawelka<\/h5>\n<p>Dorotheergasse 6 | 1010 Wien <br \/><a href=\"tel:+4315128230\">+43 1 512 8230<\/a> | <a href=\"mailto:office@hawelka.at\">office@hawelka.at<\/a><\/p>\n<p>Mo &#8211; Do 09:00 &#8211; 00:00 Uhr<br \/>Fr, Sa 09:00 &#8211; 01:00 Uhr<br \/>So 10:00 &#8211; 20:00 Uhr<\/p>\n\n\t\t<\/div>\n\t\t\t\t\n<style>\n#col-1398040150 > .col-inner {\n  padding: 0px 20px 0px 20px;\n}\n<\/style>\n\t<\/div>\n\n\t\n\n\t<div id=\"col-1593257075\" class=\"col medium-4 small-12 large-4 small-col-first\"  >\n\t\t\t\t<div class=\"col-inner text-center\"  >\n\t\t\t\n\t\t\t\n\n\t<div class=\"img has-hover x md-x lg-x y md-y lg-y\" id=\"image_2120435627\">\n\t\t\t\t\t\t<div data-animate=\"fadeInUp\">\t\t<div class=\"img-inner dark\" >\n\t\t\t<img loading=\"lazy\" decoding=\"async\" width=\"4961\" height=\"3508\" src=\"https:\/\/cafehawelka.server6.dev-web.at\/wp-content\/uploads\/2024\/02\/Logo-Shop-Roesterei-schwarz.png\" class=\"attachment-original size-original\" alt=\"\" srcset=\"https:\/\/cafehawelka.server6.dev-web.at\/wp-content\/uploads\/2024\/02\/Logo-Shop-Roesterei-schwarz.png 4961w, https:\/\/cafehawelka.server6.dev-web.at\/wp-content\/uploads\/2024\/02\/Logo-Shop-Roesterei-schwarz-566x400.png 566w, https:\/\/cafehawelka.server6.dev-web.at\/wp-content\/uploads\/2024\/02\/Logo-Shop-Roesterei-schwarz-1131x800.png 1131w, https:\/\/cafehawelka.server6.dev-web.at\/wp-content\/uploads\/2024\/02\/Logo-Shop-Roesterei-schwarz-768x543.png 768w, https:\/\/cafehawelka.server6.dev-web.at\/wp-content\/uploads\/2024\/02\/Logo-Shop-Roesterei-schwarz-1536x1086.png 1536w, https:\/\/cafehawelka.server6.dev-web.at\/wp-content\/uploads\/2024\/02\/Logo-Shop-Roesterei-schwarz-2048x1448.png 2048w, https:\/\/cafehawelka.server6.dev-web.at\/wp-content\/uploads\/2024\/02\/Logo-Shop-Roesterei-schwarz-510x361.png 510w\" sizes=\"auto, (max-width: 4961px) 100vw, 4961px\" \/>\t\t\t\t\t\t\n\t\t\t\t\t<\/div>\n\t\t<\/div>\t\t\t\t\t\t\n<style>\n#image_2120435627 {\n  width: 30%;\n}\n@media (min-width:550px) {\n  #image_2120435627 {\n    width: 27%;\n  }\n}\n<\/style>\n\t<\/div>\n\t\n\n\t<div id=\"text-2327374895\" class=\"text hide-for-small\">\n\t\t\n\n<h5>Kaffee R\u00f6sterei Hawelka Shop<\/h5>\n<p>Dorotheergasse 7 | 1010 Wien<\/p>\n<p>Di &#8211; Sa 11:00 &#8211; 18:00 Uhr<\/p>\n\t\t\t<\/div>\n\t\n<div class=\"social-icons follow-icons\" ><a href=\"https:\/\/www.facebook.com\/hawelka.at\/?locale=de_DE\" target=\"_blank\" data-label=\"Facebook\" class=\"icon plain facebook tooltip\" title=\"Follow on Facebook\" aria-label=\"Follow on Facebook\" rel=\"noopener nofollow\" ><i class=\"icon-facebook\" ><\/i><\/a><a href=\"https:\/\/www.instagram.com\/cafehawelka\/?hl=de\" target=\"_blank\" data-label=\"Instagram\" class=\"icon plain instagram tooltip\" title=\"Follow on Instagram\" aria-label=\"Follow on Instagram\" rel=\"noopener nofollow\" ><i class=\"icon-instagram\" ><\/i><\/a><\/div>\n\n\n\t\t<\/div>\n\t\t\t\t\n<style>\n#col-1593257075 > .col-inner {\n  padding: 20px 0px 0px 0px;\n  margin: 0px 0px 0px 0px;\n}\n@media (min-width:550px) {\n  #col-1593257075 > .col-inner {\n    margin: -78px 0px 0px 0px;\n  }\n}\n<\/style>\n\t<\/div>\n\n\t\n\n\t<div id=\"col-303060675\" class=\"col hide-for-small medium-4 small-12 large-4\"  >\n\t\t\t\t<div class=\"col-inner text-right\"  >\n\t\t\t\n\t\t\t\n\n<div class=\"is-divider divider clearfix\" style=\"max-width:100%;height:2px;background-color:rgb(116, 67, 26);\"><\/div>\n\n<h5>Kaffee R\u00f6sterei Hawelka<\/h5>\n<p>Breitenfurther Stra\u00dfe 158 | 1230 Wien <br \/><a href=\"tel:+4318022330\">+43 1 802 23 30<\/a> | <a href=\"mailto:office@hawelka.at\">office@hawelka.at<\/a><br \/>&nbsp;<\/p>\n<p>Mo, Mi &amp; Fr 09:00 &#8211; 15:00 Uhr<br \/>Di &amp; Do 11:00 &#8211; 17:00 Uhr<\/p>\n\n\t\t<\/div>\n\t\t\t\t\n<style>\n#col-303060675 > .col-inner {\n  padding: 0px 20px 0px 20px;\n}\n<\/style>\n\t<\/div>\n\n\t\n\n<\/div>\n<div class=\"row row-collapse align-middle align-center hide-for-small\"  id=\"row-92003676\">\n\n\n\t<div id=\"col-1597506199\" class=\"col small-12 large-12\"  >\n\t\t\t\t<div class=\"col-inner text-center\"  >\n\t\t\t\n\t\t\t\n\n<p><a href=\"\/impressum\">Impressum<\/a> | <a href=\"\/datenschutz\">Datenschutz<\/a> | <a href=\"\/agb\">AGB<\/a> | <a href=\"\/versand__lieferung\">Versandkosten<\/a> | <a href=\"\/widerruf\">Widerrufsbelehrung<\/a><\/p>\n\n\t\t<\/div>\n\t\t\t\t\n<style>\n#col-1597506199 > .col-inner {\n  padding: 20px 20px 0px 20px;\n}\n@media (min-width:550px) {\n  #col-1597506199 > .col-inner {\n    padding: 20px 0px 0px 0px;\n  }\n}\n<\/style>\n\t<\/div>\n\n\t\n\n<\/div>\n\n\t\t<\/div>\n\n\t\t\n<style>\n#section_1281985722 {\n  padding-top: 0px;\n  padding-bottom: 0px;\n  background-color: rgb(255,255,255);\n}\n<\/style>\n\t<\/section>\n\t\n\n","protected":false},"excerpt":{"rendered":"","protected":false},"author":1,"featured_media":0,"parent":0,"menu_order":0,"comment_status":"closed","ping_status":"closed","template":"page-blank.php","meta":{"_acf_changed":false,"footnotes":""},"class_list":["post-5361","page","type-page","status-publish","hentry"],"acf":[],"_links":{"self":[{"href":"https:\/\/cafehawelka.server6.dev-web.at\/en\/wp-json\/wp\/v2\/pages\/5361","targetHints":{"allow":["GET"]}}],"collection":[{"href":"https:\/\/cafehawelka.server6.dev-web.at\/en\/wp-json\/wp\/v2\/pages"}],"about":[{"href":"https:\/\/cafehawelka.server6.dev-web.at\/en\/wp-json\/wp\/v2\/types\/page"}],"author":[{"embeddable":true,"href":"https:\/\/cafehawelka.server6.dev-web.at\/en\/wp-json\/wp\/v2\/users\/1"}],"replies":[{"embeddable":true,"href":"https:\/\/cafehawelka.server6.dev-web.at\/en\/wp-json\/wp\/v2\/comments?post=5361"}],"version-history":[{"count":31,"href":"https:\/\/cafehawelka.server6.dev-web.at\/en\/wp-json\/wp\/v2\/pages\/5361\/revisions"}],"predecessor-version":[{"id":6654,"href":"https:\/\/cafehawelka.server6.dev-web.at\/en\/wp-json\/wp\/v2\/pages\/5361\/revisions\/6654"}],"wp:attachment":[{"href":"https:\/\/cafehawelka.server6.dev-web.at\/en\/wp-json\/wp\/v2\/media?parent=5361"}],"curies":[{"name":"wp","href":"https:\/\/api.w.org\/{rel}","templated":true}]}}